{"id":67,"date":"2020-09-20T15:42:56","date_gmt":"2020-09-20T15:42:56","guid":{"rendered":"https:\/\/www.feuerwehr-gorxheimertal.de\/wp\/?page_id=67"},"modified":"2026-02-11T03:41:38","modified_gmt":"2026-02-11T03:41:38","slug":"loeschzwerge","status":"publish","type":"page","link":"https:\/\/www.feuerwehr-gorxheimertal.de\/wp\/?page_id=67","title":{"rendered":"L\u00f6schzwerge"},"content":{"rendered":"\n<p>Liebe Kinder,<br>liebe Freunde und F\u00f6rderer unserer L\u00f6schzwergen,<br><br>wir starten wieder durch und freuen uns auf euch! Hier unsere Termine:<\/p>\n\n\n\n<figure class=\"wp-block-image size-large\"><a href=\"https:\/\/www.feuerwehr-gorxheimertal.de\/wp\/wp-content\/uploads\/2026\/02\/LZB-Termine-1.-Halbjahr-2026.jpeg\"><img loading=\"lazy\" decoding=\"async\" width=\"724\" height=\"1024\" src=\"https:\/\/www.feuerwehr-gorxheimertal.de\/wp\/wp-content\/uploads\/2026\/02\/LZB-Termine-1.-Halbjahr-2026-724x1024.jpeg\" alt=\"\" class=\"wp-image-571\" srcset=\"https:\/\/www.feuerwehr-gorxheimertal.de\/wp\/wp-content\/uploads\/2026\/02\/LZB-Termine-1.-Halbjahr-2026-724x1024.jpeg 724w, https:\/\/www.feuerwehr-gorxheimertal.de\/wp\/wp-content\/uploads\/2026\/02\/LZB-Termine-1.-Halbjahr-2026-212x300.jpeg 212w, https:\/\/www.feuerwehr-gorxheimertal.de\/wp\/wp-content\/uploads\/2026\/02\/LZB-Termine-1.-Halbjahr-2026-768x1086.jpeg 768w, https:\/\/www.feuerwehr-gorxheimertal.de\/wp\/wp-content\/uploads\/2026\/02\/LZB-Termine-1.-Halbjahr-2026-1086x1536.jpeg 1086w, https:\/\/www.feuerwehr-gorxheimertal.de\/wp\/wp-content\/uploads\/2026\/02\/LZB-Termine-1.-Halbjahr-2026.jpeg 1191w\" sizes=\"auto, (max-width: 724px) 100vw, 724px\" \/><\/a><\/figure>\n\n\n\n<p>Und hier k\u00f6nnt ihr unseren Dienstplan herunterladen:<\/p>\n\n\n\n<p><a href=\"https:\/\/www.feuerwehr-gorxheimertal.de\/wp\/wp-content\/uploads\/2026\/02\/LZB-Termine-1.-Halbjahr-2026.pdf\">Dienstplan 2026<\/a><\/p>\n","protected":false},"excerpt":{"rendered":"<p>Liebe Kinder,liebe Freunde und F\u00f6rderer unserer L\u00f6schzwergen, wir starten wieder durch und freuen uns auf euch! Hier unsere Termine: Und hier k\u00f6nnt ihr unseren Dienstplan herunterladen: Dienstplan 2026<\/p>\n","protected":false},"author":1,"featured_media":0,"parent":0,"menu_order":0,"comment_status":"closed","ping_status":"closed","template":"","meta":{"footnotes":""},"class_list":["post-67","page","type-page","status-publish","hentry"],"_links":{"self":[{"href":"https:\/\/www.feuerwehr-gorxheimertal.de\/wp\/index.php?rest_route=\/wp\/v2\/pages\/67","targetHints":{"allow":["GET"]}}],"collection":[{"href":"https:\/\/www.feuerwehr-gorxheimertal.de\/wp\/index.php?rest_route=\/wp\/v2\/pages"}],"about":[{"href":"https:\/\/www.feuerwehr-gorxheimertal.de\/wp\/index.php?rest_route=\/wp\/v2\/types\/page"}],"author":[{"embeddable":true,"href":"https:\/\/www.feuerwehr-gorxheimertal.de\/wp\/index.php?rest_route=\/wp\/v2\/users\/1"}],"replies":[{"embeddable":true,"href":"https:\/\/www.feuerwehr-gorxheimertal.de\/wp\/index.php?rest_route=%2Fwp%2Fv2%2Fcomments&post=67"}],"version-history":[{"count":9,"href":"https:\/\/www.feuerwehr-gorxheimertal.de\/wp\/index.php?rest_route=\/wp\/v2\/pages\/67\/revisions"}],"predecessor-version":[{"id":587,"href":"https:\/\/www.feuerwehr-gorxheimertal.de\/wp\/index.php?rest_route=\/wp\/v2\/pages\/67\/revisions\/587"}],"wp:attachment":[{"href":"https:\/\/www.feuerwehr-gorxheimertal.de\/wp\/index.php?rest_route=%2Fwp%2Fv2%2Fmedia&parent=67"}],"curies":[{"name":"wp","href":"https:\/\/api.w.org\/{rel}","templated":true}]}}