{"id":26,"date":"2020-09-18T08:25:09","date_gmt":"2020-09-18T08:25:09","guid":{"rendered":"https:\/\/www.feuerwehr-gorxheimertal.de\/wp\/?page_id=26"},"modified":"2021-02-07T11:12:18","modified_gmt":"2021-02-07T11:12:18","slug":"impressum","status":"publish","type":"page","link":"https:\/\/www.feuerwehr-gorxheimertal.de\/wp\/?page_id=26","title":{"rendered":"Impressum"},"content":{"rendered":"\n<h3 class=\"wp-block-heading\">Herausgeber und Anbieter im Sinne des \u00a7 5 Telemediengesetz (TMG)<\/h3>\n\n\n\n<p><strong>Feuerwehr Gorxheimertal <\/strong><br>An der M\u00fchlwiese 3, 69517 Gorxheimertal<\/p>\n\n\n\n<p>E-Mail: <a href=\"mailto:gbi@ffw-gorxheimertal.de\">gbi@ffw-gorxheimertal.de<\/a><\/p>\n\n\n\n<p>1. Vorsitzender<br>David Engelhardt<\/p>\n\n\n\n<p>Rechtsform: nicht rechtsf\u00e4higer Verein<br>Inhaltliche Verantwortung nach \u00a755 Abs. 2 des Rundfunkstaatsvertrages (RStV)<br>David Engelhardt<br>E-Mail: <a href=\"mailto:gbi@ffw-gorxheimertal.de\">gbi@ffw-gorxheimertal.de<\/a> <\/p>\n\n\n\n<h3 class=\"wp-block-heading\">Konzept, Gestaltung, Realisierung und technischer Betrieb<\/h3>\n\n\n\n<p>Marcel Becker<\/p>\n\n\n\n<p>Siedlungsstra\u00dfe 18<br>69517 Gorxheimertal<\/p>\n\n\n\n<h3 class=\"wp-block-heading\">Weiterverwendung von Inhalten<\/h3>\n\n\n\n<p>Die\n von der Redaktion und dem Anbieter auf dem Online-Angebot eingesetzten \nTexte, Fotos und Grafiken d\u00fcrfen ausschlie\u00dflich im direkten Zusammenhang\n mit dieser Seite abgebildet werden. Falls Sie diese Inhalte \nweiterverwenden wollen, fragen Sie bitte die oben genannten Betreiber \nder Seite, in welcher Form eine Nutzung m\u00f6glich ist. Die von Dritten \neingestellten Inhalte stehen unter CC-by-Lizenz.<\/p>\n\n\n\n<h3 class=\"wp-block-heading\">Haftungsausschluss<\/h3>\n\n\n\n<p>Die Verantwortlichen des Vereins haben stets die Richtigkeit,  Vollst\u00e4ndigkeit und Aktualit\u00e4t der auf diesem Online-Angebot  bereitgestellten redaktionellen Informationen zum Ziel. Dennoch k\u00f6nnen  Fehler und Unklarheiten nicht ausgeschlossen werden. F\u00fcr Sch\u00e4den, die  durch die Nutzung der zur Verf\u00fcgung gestellten Informationen oder Daten  oder durch die Nutzung fehlerhafter bzw. unvollst\u00e4ndiger Informationen  oder Daten verursacht werden, wird keine Haftung \u00fcbernommen. Die  inhaltliche Verantwortung f\u00fcr die eingestellten redaktionellen Inhalte  liegt bei der Feuerwehr Gorxheimertal. F\u00fcr die Richtigkeit  von Dritten erstellten Inhalte auf diesem Online-Angebot (bspw.  Beitr\u00e4ge von Nutzenden) sind die jeweiligen Urheber verantwortlich.<br>Soweit auf diesem Online-Angebot durch redaktionelle Informationen ein  Zugang zu fremden Inhalten, etwa in Form von Links, vermittelt wird, die  von anderen Anbietern bereitgestellt werden, wird darauf hingewiesen,  dass wir auf diese fremden Inhalte keinen Einfluss haben, wir somit  keine Haftung f\u00fcr diese Inhalte \u00fcbernehmen und uns diese Inhalte auch  nicht zu eigen machen.<\/p>\n\n\n\n<h3 class=\"wp-block-heading\">Bildnachweis<\/h3>\n\n\n\n<p>Fotos: Feuerwehr Gorxheimertal<br><\/p>\n","protected":false},"excerpt":{"rendered":"<p>Herausgeber und Anbieter im Sinne des \u00a7 5 Telemediengesetz (TMG) Feuerwehr Gorxheimertal An der M\u00fchlwiese 3, 69517 Gorxheimertal E-Mail: gbi@ffw-gorxheimertal.de 1. VorsitzenderDavid Engelhardt Rechtsform: nicht rechtsf\u00e4higer VereinInhaltliche Verantwortung nach \u00a755 Abs. 2 des Rundfunkstaatsvertrages (RStV)David EngelhardtE-Mail: gbi@ffw-gorxheimertal.de Konzept, Gestaltung, Realisierung und technischer Betrieb Marcel Becker Siedlungsstra\u00dfe 1869517 Gorxheimertal Weiterverwendung von Inhalten Die von der Redaktion &hellip; <\/p>\n<p class=\"link-more\"><a href=\"https:\/\/www.feuerwehr-gorxheimertal.de\/wp\/?page_id=26\" class=\"more-link\"><span class=\"screen-reader-text\">\u201eImpressum\u201c<\/span> weiterlesen<\/a><\/p>\n","protected":false},"author":1,"featured_media":0,"parent":0,"menu_order":0,"comment_status":"closed","ping_status":"closed","template":"","meta":{"footnotes":""},"class_list":["post-26","page","type-page","status-publish","hentry"],"_links":{"self":[{"href":"https:\/\/www.feuerwehr-gorxheimertal.de\/wp\/index.php?rest_route=\/wp\/v2\/pages\/26","targetHints":{"allow":["GET"]}}],"collection":[{"href":"https:\/\/www.feuerwehr-gorxheimertal.de\/wp\/index.php?rest_route=\/wp\/v2\/pages"}],"about":[{"href":"https:\/\/www.feuerwehr-gorxheimertal.de\/wp\/index.php?rest_route=\/wp\/v2\/types\/page"}],"author":[{"embeddable":true,"href":"https:\/\/www.feuerwehr-gorxheimertal.de\/wp\/index.php?rest_route=\/wp\/v2\/users\/1"}],"replies":[{"embeddable":true,"href":"https:\/\/www.feuerwehr-gorxheimertal.de\/wp\/index.php?rest_route=%2Fwp%2Fv2%2Fcomments&post=26"}],"version-history":[{"count":2,"href":"https:\/\/www.feuerwehr-gorxheimertal.de\/wp\/index.php?rest_route=\/wp\/v2\/pages\/26\/revisions"}],"predecessor-version":[{"id":141,"href":"https:\/\/www.feuerwehr-gorxheimertal.de\/wp\/index.php?rest_route=\/wp\/v2\/pages\/26\/revisions\/141"}],"wp:attachment":[{"href":"https:\/\/www.feuerwehr-gorxheimertal.de\/wp\/index.php?rest_route=%2Fwp%2Fv2%2Fmedia&parent=26"}],"curies":[{"name":"wp","href":"https:\/\/api.w.org\/{rel}","templated":true}]}}